{"id":340,"date":"2025-10-11T15:11:19","date_gmt":"2025-10-11T15:11:19","guid":{"rendered":"http:\/\/142.93.108.5\/index.php\/homepage-deutsch\/"},"modified":"2025-10-16T15:11:09","modified_gmt":"2025-10-16T15:11:09","slug":"homepage-deutsch","status":"publish","type":"page","link":"https:\/\/workaholic-robotics.com\/index.php\/de\/homepage-deutsch\/","title":{"rendered":"Startseite"},"content":{"rendered":"\n<h2 class=\"wp-block-heading\">\u00dcber Uns<\/h2>\n\n\n\n<div style=\"height:100px\" aria-hidden=\"true\" class=\"wp-block-spacer\"><\/div>\n\n\n\n<div class=\"wp-block-columns is-layout-flex wp-container-core-columns-is-layout-9d6595d7 wp-block-columns-is-layout-flex\">\n<div class=\"wp-block-column is-layout-flow wp-block-column-is-layout-flow\"><\/div>\n\n\n\n<div class=\"wp-block-column is-layout-flow wp-block-column-is-layout-flow\">\n<p class=\"has-text-align-left\"><strong>Workaholic Robotics<\/strong> entwickelt KI-gesteuerte landwirtschaftliche und umwelttechnische Roboter, die echte Arbeit dort leisten, wo Arbeitskr\u00e4fte knapp sind.<br>Unsere modularen Plattformen kombinieren KI-gest\u00fctzte Bildverarbeitung, IoT-Konnektivit\u00e4t und pr\u00e4zise Mechatronik, um komplexe Aufgaben wie Pilzernten, Unkrautbek\u00e4mpfung in Weinbergen und Obstg\u00e4rten sowie Waldreinigung zu \u00fcbernehmen.<\/p>\n\n\n\n<p>Wir liefern praxisnahe und erschwingliche Automatisierungsl\u00f6sungen f\u00fcr Landwirte, OEM-Partner und Forschungseinrichtungen \u2013 mit sofort einsatzbereiten Robotern oder individuell angepassten Entwicklungen.<\/p>\n\n\n\n<p>\u00dcber unsere <strong>KI- und SaaS-Plattform<\/strong> k\u00f6nnen Nutzer ihre Robotiksysteme \u00fcberall steuern, analysieren und optimieren.<\/p>\n\n\n\n<p class=\"has-text-align-left\"><strong>Workaholic Robotics \u2013 wo KI auf echte Arbeit trifft.<\/strong><\/p>\n<\/div>\n<\/div>\n\n\n\n<div style=\"height:100px\" aria-hidden=\"true\" class=\"wp-block-spacer\"><\/div>\n\n\n\n<h2 class=\"wp-block-heading\">Unsere Produkte<\/h2>\n\n\n\n<div style=\"height:100px\" aria-hidden=\"true\" class=\"wp-block-spacer\"><\/div>\n\n\n\n<div class=\"wp-block-columns is-layout-flex wp-container-core-columns-is-layout-9d6595d7 wp-block-columns-is-layout-flex\">\n<div class=\"wp-block-column is-layout-flow wp-block-column-is-layout-flow\">\n<figure class=\"wp-block-image size-large\"><img loading=\"lazy\" decoding=\"async\" width=\"1024\" height=\"819\" src=\"http:\/\/142.93.108.5\/wp-content\/uploads\/2025\/10\/wr_hub_with_extenders-1024x819.jpg\" alt=\"\" class=\"wp-image-307\" srcset=\"https:\/\/workaholic-robotics.com\/wp-content\/uploads\/2025\/10\/wr_hub_with_extenders-1024x819.jpg 1024w, https:\/\/workaholic-robotics.com\/wp-content\/uploads\/2025\/10\/wr_hub_with_extenders-300x240.jpg 300w, https:\/\/workaholic-robotics.com\/wp-content\/uploads\/2025\/10\/wr_hub_with_extenders-768x614.jpg 768w, https:\/\/workaholic-robotics.com\/wp-content\/uploads\/2025\/10\/wr_hub_with_extenders-1536x1229.jpg 1536w, https:\/\/workaholic-robotics.com\/wp-content\/uploads\/2025\/10\/wr_hub_with_extenders-2048x1638.jpg 2048w, https:\/\/workaholic-robotics.com\/wp-content\/uploads\/2025\/10\/wr_hub_with_extenders-600x480.jpg 600w\" sizes=\"auto, (max-width: 1024px) 100vw, 1024px\" \/><\/figure>\n\n\n\n<h4 class=\"wp-block-heading has-text-align-center\">The next generation of light Autonomous robots<\/h4>\n\n\n\n<p class=\"has-text-align-center\">Autonomous Robots based on Workaholic Robotics Autonomous Robot Platform. <strong>Prompt<\/strong>&nbsp;and&nbsp;<strong>Curious<\/strong><\/p>\n\n\n\n<div class=\"wp-block-buttons is-content-justification-center is-layout-flex wp-container-core-buttons-is-layout-16018d1d wp-block-buttons-is-layout-flex\">\n<div class=\"wp-block-button is-style-outline is-style-outline--1\"><a class=\"wp-block-button__link wp-element-button\" href=\"\">Learn more<\/a><\/div>\n<\/div>\n<\/div>\n\n\n\n<div class=\"wp-block-column is-layout-flow wp-block-column-is-layout-flow\">\n<figure class=\"wp-block-image size-large\"><img loading=\"lazy\" decoding=\"async\" width=\"1024\" height=\"819\" src=\"http:\/\/142.93.108.5\/wp-content\/uploads\/2025\/10\/wr_m-1024x819.png\" alt=\"\" class=\"wp-image-308\" srcset=\"https:\/\/workaholic-robotics.com\/wp-content\/uploads\/2025\/10\/wr_m-1024x819.png 1024w, https:\/\/workaholic-robotics.com\/wp-content\/uploads\/2025\/10\/wr_m-300x240.png 300w, https:\/\/workaholic-robotics.com\/wp-content\/uploads\/2025\/10\/wr_m-768x614.png 768w, https:\/\/workaholic-robotics.com\/wp-content\/uploads\/2025\/10\/wr_m-1536x1229.png 1536w, https:\/\/workaholic-robotics.com\/wp-content\/uploads\/2025\/10\/wr_m-2048x1638.png 2048w, https:\/\/workaholic-robotics.com\/wp-content\/uploads\/2025\/10\/wr_m-600x480.png 600w\" sizes=\"auto, (max-width: 1024px) 100vw, 1024px\" \/><\/figure>\n\n\n\n<h4 class=\"wp-block-heading has-text-align-center\">The next generation of mid-size Autonomous Robots<\/h4>\n\n\n\n<p class=\"has-text-align-center\">Autonomous Robot based on Workaholic Robotics Autonomous Robot Platform. <strong>Diligent<\/strong>&nbsp;and&nbsp;<strong>Hardworking<\/strong><\/p>\n\n\n\n<div class=\"wp-block-buttons is-content-justification-center is-layout-flex wp-container-core-buttons-is-layout-16018d1d wp-block-buttons-is-layout-flex\">\n<div class=\"wp-block-button is-style-outline is-style-outline--2\"><a class=\"wp-block-button__link wp-element-button\" href=\"\">Learn more<\/a><\/div>\n<\/div>\n<\/div>\n\n\n\n<div class=\"wp-block-column is-layout-flow wp-block-column-is-layout-flow\">\n<figure class=\"wp-block-image size-large\"><img loading=\"lazy\" decoding=\"async\" width=\"1024\" height=\"819\" src=\"http:\/\/142.93.108.5\/wp-content\/uploads\/2025\/10\/wr_with_extenders-1024x819.png\" alt=\"\" class=\"wp-image-309\" srcset=\"https:\/\/workaholic-robotics.com\/wp-content\/uploads\/2025\/10\/wr_with_extenders-1024x819.png 1024w, https:\/\/workaholic-robotics.com\/wp-content\/uploads\/2025\/10\/wr_with_extenders-300x240.png 300w, https:\/\/workaholic-robotics.com\/wp-content\/uploads\/2025\/10\/wr_with_extenders-768x614.png 768w, https:\/\/workaholic-robotics.com\/wp-content\/uploads\/2025\/10\/wr_with_extenders-1536x1229.png 1536w, https:\/\/workaholic-robotics.com\/wp-content\/uploads\/2025\/10\/wr_with_extenders-2048x1638.png 2048w, https:\/\/workaholic-robotics.com\/wp-content\/uploads\/2025\/10\/wr_with_extenders-600x480.png 600w\" sizes=\"auto, (max-width: 1024px) 100vw, 1024px\" \/><\/figure>\n\n\n\n<h4 class=\"wp-block-heading has-text-align-center\">The next generation of configurable Autonomous Robots<\/h4>\n\n\n\n<p class=\"has-text-align-center\">Autonomous Robot based on Workaholic Robotics Autonomous Robot Platform. <strong>Universal<\/strong><\/p>\n\n\n\n<div class=\"wp-block-buttons is-content-justification-center is-layout-flex wp-container-core-buttons-is-layout-16018d1d wp-block-buttons-is-layout-flex\">\n<div class=\"wp-block-button is-style-outline is-style-outline--3\"><a class=\"wp-block-button__link wp-element-button\" href=\"\">Learn more<\/a><\/div>\n<\/div>\n<\/div>\n<\/div>\n\n\n\n<div class=\"wp-block-columns is-layout-flex wp-container-core-columns-is-layout-9d6595d7 wp-block-columns-is-layout-flex\">\n<div class=\"wp-block-column is-layout-flow wp-block-column-is-layout-flow\">\n<figure class=\"wp-block-image size-large is-resized\"><img loading=\"lazy\" decoding=\"async\" width=\"1024\" height=\"861\" src=\"http:\/\/142.93.108.5\/wp-content\/uploads\/2025\/09\/Banner-WR-1-1024x861.jpg\" alt=\"\" class=\"wp-image-182\" style=\"width:260px;height:auto\" srcset=\"https:\/\/workaholic-robotics.com\/wp-content\/uploads\/2025\/09\/Banner-WR-1-1024x861.jpg 1024w, https:\/\/workaholic-robotics.com\/wp-content\/uploads\/2025\/09\/Banner-WR-1-300x252.jpg 300w, https:\/\/workaholic-robotics.com\/wp-content\/uploads\/2025\/09\/Banner-WR-1-768x646.jpg 768w, https:\/\/workaholic-robotics.com\/wp-content\/uploads\/2025\/09\/Banner-WR-1-1536x1291.jpg 1536w, https:\/\/workaholic-robotics.com\/wp-content\/uploads\/2025\/09\/Banner-WR-1-2048x1721.jpg 2048w, https:\/\/workaholic-robotics.com\/wp-content\/uploads\/2025\/09\/Banner-WR-1-600x504.jpg 600w\" sizes=\"auto, (max-width: 1024px) 100vw, 1024px\" \/><\/figure>\n\n\n\n<h4 class=\"wp-block-heading has-text-align-center\">Agriculture Autonomous Robotics Platform<\/h4>\n\n\n\n<p class=\"has-text-align-center\">An autonomous platform, our robotic iteration on the most innovative and&nbsp;affordable agricultural and land care product ever made.&nbsp;Uses include grass cutting, carrying (as a wheel barrow or trailer), Exploration,&nbsp;Weeding, Cultivating, Spraying, Pruning and another Precision Agriculture advanced works<\/p>\n\n\n\n<div class=\"wp-block-buttons is-content-justification-center is-layout-flex wp-container-core-buttons-is-layout-28206b41 wp-block-buttons-is-layout-flex\">\n<div class=\"wp-block-button is-style-outline is-style-outline--4\"><a class=\"wp-block-button__link has-text-align-center wp-element-button\" href=\"\">Learn more<\/a><\/div>\n<\/div>\n<\/div>\n\n\n\n<div class=\"wp-block-column is-layout-flow wp-block-column-is-layout-flow\">\n<figure class=\"wp-block-image size-large\"><img loading=\"lazy\" decoding=\"async\" width=\"1024\" height=\"819\" src=\"http:\/\/142.93.108.5\/wp-content\/uploads\/2025\/10\/wr_arm_with_gripper-1024x819.jpg\" alt=\"\" class=\"wp-image-243\" srcset=\"https:\/\/workaholic-robotics.com\/wp-content\/uploads\/2025\/10\/wr_arm_with_gripper-1024x819.jpg 1024w, https:\/\/workaholic-robotics.com\/wp-content\/uploads\/2025\/10\/wr_arm_with_gripper-300x240.jpg 300w, https:\/\/workaholic-robotics.com\/wp-content\/uploads\/2025\/10\/wr_arm_with_gripper-768x614.jpg 768w, https:\/\/workaholic-robotics.com\/wp-content\/uploads\/2025\/10\/wr_arm_with_gripper-1536x1229.jpg 1536w, https:\/\/workaholic-robotics.com\/wp-content\/uploads\/2025\/10\/wr_arm_with_gripper-2048x1638.jpg 2048w, https:\/\/workaholic-robotics.com\/wp-content\/uploads\/2025\/10\/wr_arm_with_gripper-600x480.jpg 600w\" sizes=\"auto, (max-width: 1024px) 100vw, 1024px\" \/><\/figure>\n\n\n\n<h4 class=\"wp-block-heading has-text-align-center\">Autonomous lawn mower \/ Grass cutter<\/h4>\n\n\n\n<p class=\"has-text-align-center\">The first iteration of our autonomous robotics platform is&nbsp;Autonomous Lawnmower\/ grass cutter<\/p>\n\n\n\n<div class=\"wp-block-buttons is-content-justification-center is-layout-flex wp-container-core-buttons-is-layout-16018d1d wp-block-buttons-is-layout-flex\">\n<div class=\"wp-block-button is-style-outline is-style-outline--5\"><a class=\"wp-block-button__link wp-element-button\" href=\"\">Learn more<\/a><\/div>\n<\/div>\n<\/div>\n\n\n\n<div class=\"wp-block-column is-layout-flow wp-block-column-is-layout-flow\">\n<figure class=\"wp-block-image size-large\"><img loading=\"lazy\" decoding=\"async\" width=\"768\" height=\"1024\" src=\"http:\/\/142.93.108.5\/wp-content\/uploads\/2025\/10\/\u043f\u043e\u0434\u0441\u0432\u0435\u0447\u043d\u0438\u043a-768x1024.png\" alt=\"\" class=\"wp-image-252\"\/><\/figure>\n\n\n\n<h4 class=\"wp-block-heading has-text-align-center\">Robotic Arms and Grippers<\/h4>\n\n\n\n<p class=\"has-text-align-center\">Our Autonomous Robots can be equipped with our own designed Arms and grippers.<\/p>\n\n\n\n<div class=\"wp-block-buttons is-content-justification-center is-layout-flex wp-container-core-buttons-is-layout-16018d1d wp-block-buttons-is-layout-flex\">\n<div class=\"wp-block-button is-style-outline is-style-outline--6\"><a class=\"wp-block-button__link wp-element-button\" href=\"\">Learn more<\/a><\/div>\n<\/div>\n<\/div>\n<\/div>\n","protected":false},"excerpt":{"rendered":"<p>\u00dcber Uns Workaholic Robotics entwickelt KI-gesteuerte landwirtschaftliche und umwelttechnische Roboter, die echte Arbeit dort leisten, wo Arbeitskr\u00e4fte knapp sind.Unsere modularen Plattformen kombinieren KI-gest\u00fctzte Bildverarbeitung, IoT-Konnektivit\u00e4t und pr\u00e4zise Mechatronik, um komplexe Aufgaben wie Pilzernten, Unkrautbek\u00e4mpfung in Weinbergen und Obstg\u00e4rten sowie Waldreinigung zu \u00fcbernehmen. Wir liefern praxisnahe und erschwingliche Automatisierungsl\u00f6sungen f\u00fcr Landwirte, OEM-Partner und Forschungseinrichtungen \u2013 mit<\/p>\n<div class=\"more-link\">\n\t\t\t\t <a href=\"https:\/\/workaholic-robotics.com\/index.php\/de\/homepage-deutsch\/\" class=\"btn theme-btn\"><span>Continue Reading <\/span><i class=\"icofont-thin-double-right\"><\/i><\/a>\n\t\t\t<\/div>\n","protected":false},"author":1,"featured_media":0,"parent":0,"menu_order":0,"comment_status":"closed","ping_status":"closed","template":"","meta":{"_uag_custom_page_level_css":"","_themeisle_gutenberg_block_has_review":false,"footnotes":""},"class_list":["post-340","page","type-page","status-publish","hentry"],"uagb_featured_image_src":{"full":false,"thumbnail":false,"medium":false,"medium_large":false,"large":false,"1536x1536":false,"2048x2048":false,"woocommerce_thumbnail":false,"woocommerce_single":false,"woocommerce_gallery_thumbnail":false},"uagb_author_info":{"display_name":"Oleg","author_link":"https:\/\/workaholic-robotics.com\/index.php\/author\/oleg\/"},"uagb_comment_info":0,"uagb_excerpt":"\u00dcber Uns Workaholic Robotics entwickelt KI-gesteuerte landwirtschaftliche und umwelttechnische Roboter, die echte Arbeit dort leisten, wo Arbeitskr\u00e4fte knapp sind.Unsere modularen Plattformen kombinieren KI-gest\u00fctzte Bildverarbeitung, IoT-Konnektivit\u00e4t und pr\u00e4zise Mechatronik, um komplexe Aufgaben wie Pilzernten, Unkrautbek\u00e4mpfung in Weinbergen und Obstg\u00e4rten sowie Waldreinigung zu \u00fcbernehmen. Wir liefern praxisnahe und erschwingliche Automatisierungsl\u00f6sungen f\u00fcr Landwirte, OEM-Partner und Forschungseinrichtungen \u2013 mit&hellip;","_links":{"self":[{"href":"https:\/\/workaholic-robotics.com\/index.php\/wp-json\/wp\/v2\/pages\/340","targetHints":{"allow":["GET"]}}],"collection":[{"href":"https:\/\/workaholic-robotics.com\/index.php\/wp-json\/wp\/v2\/pages"}],"about":[{"href":"https:\/\/workaholic-robotics.com\/index.php\/wp-json\/wp\/v2\/types\/page"}],"author":[{"embeddable":true,"href":"https:\/\/workaholic-robotics.com\/index.php\/wp-json\/wp\/v2\/users\/1"}],"replies":[{"embeddable":true,"href":"https:\/\/workaholic-robotics.com\/index.php\/wp-json\/wp\/v2\/comments?post=340"}],"version-history":[{"count":6,"href":"https:\/\/workaholic-robotics.com\/index.php\/wp-json\/wp\/v2\/pages\/340\/revisions"}],"predecessor-version":[{"id":445,"href":"https:\/\/workaholic-robotics.com\/index.php\/wp-json\/wp\/v2\/pages\/340\/revisions\/445"}],"wp:attachment":[{"href":"https:\/\/workaholic-robotics.com\/index.php\/wp-json\/wp\/v2\/media?parent=340"}],"curies":[{"name":"wp","href":"https:\/\/api.w.org\/{rel}","templated":true}]}}